{"id":15,"date":"2020-03-30T08:16:34","date_gmt":"2020-03-30T08:16:34","guid":{"rendered":"https:\/\/themes.muffingroup.com\/be\/mining2\/?page_id=15"},"modified":"2025-07-09T20:36:06","modified_gmt":"2025-07-09T20:36:06","slug":"cachaca","status":"publish","type":"page","link":"https:\/\/afetuosa.com.br\/afetuosa\/cachaca\/","title":{"rendered":"Cacha\u00e7a"},"content":{"rendered":"\t\t<div data-elementor-type=\"wp-page\" data-elementor-id=\"15\" class=\"elementor elementor-15\" data-elementor-post-type=\"page\">\n\t\t\t\t\t\t<section class=\"elementor-section elementor-top-section elementor-element elementor-element-75b3b18 elementor-section-stretched elementor-section-boxed elementor-section-height-default elementor-section-height-default\" data-id=\"75b3b18\" data-element_type=\"section\" data-settings=\"{&quot;stretch_section&quot;:&quot;section-stretched&quot;,&quot;background_background&quot;:&quot;classic&quot;}\">\n\t\t\t\t\t\t<div class=\"elementor-container elementor-column-gap-wider\">\n\t\t\t\t\t<div class=\"elementor-column elementor-col-100 elementor-top-column elementor-element elementor-element-c9f4015\" data-id=\"c9f4015\" data-element_type=\"column\">\n\t\t\t<div class=\"elementor-widget-wrap elementor-element-populated\">\n\t\t\t\t\t\t<section class=\"elementor-section elementor-inner-section elementor-element elementor-element-db19d0c elementor-section-boxed elementor-section-height-default elementor-section-height-default\" data-id=\"db19d0c\" data-element_type=\"section\">\n\t\t\t\t\t\t<div class=\"elementor-container elementor-column-gap-default\">\n\t\t\t\t\t<div class=\"elementor-column elementor-col-100 elementor-inner-column elementor-element elementor-element-8db23f3\" data-id=\"8db23f3\" data-element_type=\"column\" data-settings=\"{&quot;background_background&quot;:&quot;classic&quot;}\">\n\t\t\t<div class=\"elementor-widget-wrap elementor-element-populated\">\n\t\t\t\t\t\t<div class=\"elementor-element elementor-element-c72bbb2 elementor-widget elementor-widget-text-editor\" data-id=\"c72bbb2\" data-element_type=\"widget\" data-widget_type=\"text-editor.default\">\n\t\t\t\t\t\t\t\t\t<h1><span style=\"color: #ffffff;\">Nossas<\/span><br \/><span style=\"color: #ffffff;\">Cacha\u00e7as<\/span><\/h1>\t\t\t\t\t\t\t\t<\/div>\n\t\t\t\t\t<\/div>\n\t\t<\/div>\n\t\t\t\t\t<\/div>\n\t\t<\/section>\n\t\t\t\t\t<\/div>\n\t\t<\/div>\n\t\t\t\t\t<\/div>\n\t\t<\/section>\n\t\t\t\t<section class=\"elementor-section elementor-top-section elementor-element elementor-element-d197cb6 elementor-section-stretched elementor-section-boxed elementor-section-height-default elementor-section-height-default\" data-id=\"d197cb6\" data-element_type=\"section\" data-settings=\"{&quot;stretch_section&quot;:&quot;section-stretched&quot;}\">\n\t\t\t\t\t\t<div class=\"elementor-container elementor-column-gap-wider\">\n\t\t\t\t\t<div class=\"elementor-column elementor-col-100 elementor-top-column elementor-element elementor-element-f4e4059\" data-id=\"f4e4059\" data-element_type=\"column\">\n\t\t\t<div class=\"elementor-widget-wrap elementor-element-populated\">\n\t\t\t\t\t\t<section class=\"elementor-section elementor-inner-section elementor-element elementor-element-bfc13f3 elementor-section-content-middle elementor-section-boxed elementor-section-height-default elementor-section-height-default\" data-id=\"bfc13f3\" data-element_type=\"section\">\n\t\t\t\t\t\t<div class=\"elementor-container elementor-column-gap-default\">\n\t\t\t\t\t<div class=\"elementor-column elementor-col-50 elementor-inner-column elementor-element elementor-element-3ac9ece\" data-id=\"3ac9ece\" data-element_type=\"column\">\n\t\t\t<div class=\"elementor-widget-wrap elementor-element-populated\">\n\t\t\t\t\t\t<div class=\"elementor-element elementor-element-4c82d68 elementor-widget elementor-widget-image\" data-id=\"4c82d68\" data-element_type=\"widget\" data-widget_type=\"image.default\">\n\t\t\t\t\t\t\t\t\t\t\t\t\t\t\t<img fetchpriority=\"high\" decoding=\"async\" width=\"780\" height=\"867\" src=\"https:\/\/afetuosa.com.br\/afetuosa\/wp-content\/uploads\/2025\/07\/cachaca-afetuosa3madeiras.jpg\" class=\"attachment-large size-large wp-image-511\" alt=\"\" srcset=\"https:\/\/afetuosa.com.br\/afetuosa\/wp-content\/uploads\/2025\/07\/cachaca-afetuosa3madeiras.jpg 780w, https:\/\/afetuosa.com.br\/afetuosa\/wp-content\/uploads\/2025\/07\/cachaca-afetuosa3madeiras-450x500.jpg 450w, https:\/\/afetuosa.com.br\/afetuosa\/wp-content\/uploads\/2025\/07\/cachaca-afetuosa3madeiras-270x300.jpg 270w, https:\/\/afetuosa.com.br\/afetuosa\/wp-content\/uploads\/2025\/07\/cachaca-afetuosa3madeiras-768x854.jpg 768w, https:\/\/afetuosa.com.br\/afetuosa\/wp-content\/uploads\/2025\/07\/cachaca-afetuosa3madeiras-67x75.jpg 67w, https:\/\/afetuosa.com.br\/afetuosa\/wp-content\/uploads\/2025\/07\/cachaca-afetuosa3madeiras-480x534.jpg 480w\" sizes=\"(max-width:767px) 480px, (max-width:780px) 100vw, 780px\" \/>\t\t\t\t\t\t\t\t\t\t\t\t\t\t\t<\/div>\n\t\t\t\t\t<\/div>\n\t\t<\/div>\n\t\t\t\t<div class=\"elementor-column elementor-col-50 elementor-inner-column elementor-element elementor-element-31c4eb6\" data-id=\"31c4eb6\" data-element_type=\"column\">\n\t\t\t<div class=\"elementor-widget-wrap elementor-element-populated\">\n\t\t\t\t\t\t<div class=\"elementor-element elementor-element-8756887 elementor-widget elementor-widget-text-editor\" data-id=\"8756887\" data-element_type=\"widget\" data-widget_type=\"text-editor.default\">\n\t\t\t\t\t\t\t\t\t<h2>3 madeiras<\/h2>\n<h4 class=\"themecolor\">Carvalho Americano, Carvalho Franc\u00eas e Eucalipto<\/h4>\n<p>Destilada com alma e envelhecida com carinho, a Afetuosa 3 Madeiras repousa em barris de <strong data-start=\"327\" data-end=\"369\">carvalho americano, carvalho franc\u00eas e eucalipto<\/strong>, unindo tradi\u00e7\u00e3o e sensibilidade brasileira. O resultado \u00e9 uma cacha\u00e7a complexa e saborosa.<\/p>\n<p><strong>500 ml\u00a0 |\u00a0 40% vol<\/strong><\/p>\n<p><strong>BEBA COM MODERA\u00c7\u00c3O, PROIBIDA A VENDA PARA MENORES DE 18 ANOS.<\/strong><\/p>\t\t\t\t\t\t\t\t<\/div>\n\t\t\t\t\t<\/div>\n\t\t<\/div>\n\t\t\t\t\t<\/div>\n\t\t<\/section>\n\t\t\t\t<section class=\"elementor-section elementor-inner-section elementor-element elementor-element-014683c elementor-section-content-middle elementor-reverse-mobile elementor-section-boxed elementor-section-height-default elementor-section-height-default\" data-id=\"014683c\" data-element_type=\"section\">\n\t\t\t\t\t\t<div class=\"elementor-container elementor-column-gap-default\">\n\t\t\t\t\t<div class=\"elementor-column elementor-col-50 elementor-inner-column elementor-element elementor-element-2dd1db9\" data-id=\"2dd1db9\" data-element_type=\"column\">\n\t\t\t<div class=\"elementor-widget-wrap elementor-element-populated\">\n\t\t\t\t\t\t<div class=\"elementor-element elementor-element-df4bfbc elementor-widget elementor-widget-text-editor\" data-id=\"df4bfbc\" data-element_type=\"widget\" data-widget_type=\"text-editor.default\">\n\t\t\t\t\t\t\t\t\t<h2>Forrobod\u00f3<\/h2>\n<h4 class=\"themecolor\">Forrobod\u00f3 \u00e9 aquela cacha\u00e7a que chega chegando, <strong data-start=\"324\" data-end=\"363\">pura, leve e cheia de personalidade<\/strong>.<\/h4>\n<p data-start=\"541\" data-end=\"660\">Seja na roda de amigos, no churrasco ou naquele brinde improvisado, Forrobod\u00f3 \u00e9 sin\u00f4nimo de festa boa e boas hist\u00f3rias.<\/p>\n<p data-start=\"662\" data-end=\"710\">Forrobod\u00f3, Cacha\u00e7a pra quem sabe aproveitar.<\/p>\n<p data-start=\"662\" data-end=\"710\"><strong>275 ml\u00a0 |\u00a0 39% vol<\/strong><\/p>\n<p data-start=\"662\" data-end=\"710\"><strong>BEBA COM MODERA\u00c7\u00c3O, PROIBIDA A VENDA A MENORES DE 18 ANOS.\u00a0<\/strong><\/p>\t\t\t\t\t\t\t\t<\/div>\n\t\t\t\t\t<\/div>\n\t\t<\/div>\n\t\t\t\t<div class=\"elementor-column elementor-col-50 elementor-inner-column elementor-element elementor-element-f518e71\" data-id=\"f518e71\" data-element_type=\"column\">\n\t\t\t<div class=\"elementor-widget-wrap elementor-element-populated\">\n\t\t\t\t\t\t<div class=\"elementor-element elementor-element-167335c elementor-widget elementor-widget-image\" data-id=\"167335c\" data-element_type=\"widget\" data-widget_type=\"image.default\">\n\t\t\t\t\t\t\t\t\t\t\t\t\t\t\t<img decoding=\"async\" width=\"780\" height=\"867\" src=\"https:\/\/afetuosa.com.br\/afetuosa\/wp-content\/uploads\/2025\/07\/cachaca-forrobodo.jpg\" class=\"attachment-large size-large wp-image-515\" alt=\"\" srcset=\"https:\/\/afetuosa.com.br\/afetuosa\/wp-content\/uploads\/2025\/07\/cachaca-forrobodo.jpg 780w, https:\/\/afetuosa.com.br\/afetuosa\/wp-content\/uploads\/2025\/07\/cachaca-forrobodo-450x500.jpg 450w, https:\/\/afetuosa.com.br\/afetuosa\/wp-content\/uploads\/2025\/07\/cachaca-forrobodo-270x300.jpg 270w, https:\/\/afetuosa.com.br\/afetuosa\/wp-content\/uploads\/2025\/07\/cachaca-forrobodo-768x854.jpg 768w, https:\/\/afetuosa.com.br\/afetuosa\/wp-content\/uploads\/2025\/07\/cachaca-forrobodo-67x75.jpg 67w, https:\/\/afetuosa.com.br\/afetuosa\/wp-content\/uploads\/2025\/07\/cachaca-forrobodo-480x534.jpg 480w\" sizes=\"(max-width:767px) 480px, (max-width:780px) 100vw, 780px\" \/>\t\t\t\t\t\t\t\t\t\t\t\t\t\t\t<\/div>\n\t\t\t\t\t<\/div>\n\t\t<\/div>\n\t\t\t\t\t<\/div>\n\t\t<\/section>\n\t\t\t\t\t<\/div>\n\t\t<\/div>\n\t\t\t\t\t<\/div>\n\t\t<\/section>\n\t\t\t\t<\/div>\n\t\t","protected":false},"excerpt":{"rendered":"<p>NossasCacha\u00e7as 3 madeiras Carvalho Americano, Carvalho Franc\u00eas e Eucalipto Destilada com alma e envelhecida com carinho, a Afetuosa 3 Madeiras repousa em barris de carvalho americano,<span class=\"excerpt-hellip\"> [\u2026]<\/span><\/p>\n","protected":false},"author":1,"featured_media":0,"parent":0,"menu_order":0,"comment_status":"open","ping_status":"closed","template":"","meta":{"footnotes":""},"class_list":["post-15","page","type-page","status-publish","hentry"],"_links":{"self":[{"href":"https:\/\/afetuosa.com.br\/afetuosa\/wp-json\/wp\/v2\/pages\/15","targetHints":{"allow":["GET"]}}],"collection":[{"href":"https:\/\/afetuosa.com.br\/afetuosa\/wp-json\/wp\/v2\/pages"}],"about":[{"href":"https:\/\/afetuosa.com.br\/afetuosa\/wp-json\/wp\/v2\/types\/page"}],"author":[{"embeddable":true,"href":"https:\/\/afetuosa.com.br\/afetuosa\/wp-json\/wp\/v2\/users\/1"}],"replies":[{"embeddable":true,"href":"https:\/\/afetuosa.com.br\/afetuosa\/wp-json\/wp\/v2\/comments?post=15"}],"version-history":[{"count":15,"href":"https:\/\/afetuosa.com.br\/afetuosa\/wp-json\/wp\/v2\/pages\/15\/revisions"}],"predecessor-version":[{"id":524,"href":"https:\/\/afetuosa.com.br\/afetuosa\/wp-json\/wp\/v2\/pages\/15\/revisions\/524"}],"wp:attachment":[{"href":"https:\/\/afetuosa.com.br\/afetuosa\/wp-json\/wp\/v2\/media?parent=15"}],"curies":[{"name":"wp","href":"https:\/\/api.w.org\/{rel}","templated":true}]}}