{"id":60,"date":"2020-03-30T08:16:09","date_gmt":"2020-03-30T08:16:09","guid":{"rendered":"https:\/\/themes.muffingroup.com\/be\/mining2\/?page_id=11"},"modified":"2025-08-25T19:56:55","modified_gmt":"2025-08-25T19:56:55","slug":"destilaria","status":"publish","type":"page","link":"https:\/\/afetuosa.com.br\/afetuosa\/destilaria\/","title":{"rendered":"A Destilaria"},"content":{"rendered":"\t\t<div data-elementor-type=\"wp-page\" data-elementor-id=\"60\" class=\"elementor elementor-60\" data-elementor-post-type=\"page\">\n\t\t\t\t\t\t<section class=\"elementor-section elementor-top-section elementor-element elementor-element-fce62dd elementor-section-stretched elementor-section-boxed elementor-section-height-default elementor-section-height-default\" data-id=\"fce62dd\" data-element_type=\"section\" data-settings=\"{&quot;stretch_section&quot;:&quot;section-stretched&quot;,&quot;background_background&quot;:&quot;classic&quot;}\">\n\t\t\t\t\t\t<div class=\"elementor-container elementor-column-gap-wider\">\n\t\t\t\t\t<div class=\"elementor-column elementor-col-100 elementor-top-column elementor-element elementor-element-cc87fef\" data-id=\"cc87fef\" data-element_type=\"column\">\n\t\t\t<div class=\"elementor-widget-wrap elementor-element-populated\">\n\t\t\t\t\t\t<section class=\"elementor-section elementor-inner-section elementor-element elementor-element-c653479 elementor-section-boxed elementor-section-height-default elementor-section-height-default\" data-id=\"c653479\" data-element_type=\"section\" data-settings=\"{&quot;background_background&quot;:&quot;classic&quot;}\">\n\t\t\t\t\t\t<div class=\"elementor-container elementor-column-gap-default\">\n\t\t\t\t\t<div class=\"elementor-column elementor-col-100 elementor-inner-column elementor-element elementor-element-f10d6e2\" data-id=\"f10d6e2\" data-element_type=\"column\" data-settings=\"{&quot;background_background&quot;:&quot;classic&quot;}\">\n\t\t\t<div class=\"elementor-widget-wrap elementor-element-populated\">\n\t\t\t\t\t\t<div class=\"elementor-element elementor-element-4a2e455 elementor-widget elementor-widget-text-editor\" data-id=\"4a2e455\" data-element_type=\"widget\" data-widget_type=\"text-editor.default\">\n\t\t\t\t\t\t\t\t\t<h1><span style=\"color: #ffffff;\">A Destilaria<\/span><\/h1>\t\t\t\t\t\t\t\t<\/div>\n\t\t\t\t\t<\/div>\n\t\t<\/div>\n\t\t\t\t\t<\/div>\n\t\t<\/section>\n\t\t\t\t\t<\/div>\n\t\t<\/div>\n\t\t\t\t\t<\/div>\n\t\t<\/section>\n\t\t\t\t<section class=\"elementor-section elementor-top-section elementor-element elementor-element-1a4b7fb elementor-section-stretched elementor-section-boxed elementor-section-height-default elementor-section-height-default\" data-id=\"1a4b7fb\" data-element_type=\"section\" data-settings=\"{&quot;stretch_section&quot;:&quot;section-stretched&quot;}\">\n\t\t\t\t\t\t<div class=\"elementor-container elementor-column-gap-wider\">\n\t\t\t\t\t<div class=\"elementor-column elementor-col-100 elementor-top-column elementor-element elementor-element-478d672\" data-id=\"478d672\" data-element_type=\"column\">\n\t\t\t<div class=\"elementor-widget-wrap elementor-element-populated\">\n\t\t\t\t\t\t<section class=\"elementor-section elementor-inner-section elementor-element elementor-element-a83749e elementor-section-content-top elementor-section-boxed elementor-section-height-default elementor-section-height-default\" data-id=\"a83749e\" data-element_type=\"section\">\n\t\t\t\t\t\t<div class=\"elementor-container elementor-column-gap-default\">\n\t\t\t\t\t<div class=\"elementor-column elementor-col-50 elementor-inner-column elementor-element elementor-element-517ddb7\" data-id=\"517ddb7\" data-element_type=\"column\">\n\t\t\t<div class=\"elementor-widget-wrap elementor-element-populated\">\n\t\t\t\t\t\t<div class=\"elementor-element elementor-element-5604e15 elementor-widget elementor-widget-image\" data-id=\"5604e15\" data-element_type=\"widget\" data-widget_type=\"image.default\">\n\t\t\t\t\t\t\t\t\t\t\t\t\t\t\t<img fetchpriority=\"high\" decoding=\"async\" width=\"780\" height=\"1147\" src=\"https:\/\/afetuosa.com.br\/afetuosa\/wp-content\/uploads\/2025\/07\/Img-empresa-afetu.jpg\" class=\"attachment-large size-large wp-image-527\" alt=\"\" srcset=\"https:\/\/afetuosa.com.br\/afetuosa\/wp-content\/uploads\/2025\/07\/Img-empresa-afetu.jpg 780w, https:\/\/afetuosa.com.br\/afetuosa\/wp-content\/uploads\/2025\/07\/Img-empresa-afetu-340x500.jpg 340w, https:\/\/afetuosa.com.br\/afetuosa\/wp-content\/uploads\/2025\/07\/Img-empresa-afetu-204x300.jpg 204w, https:\/\/afetuosa.com.br\/afetuosa\/wp-content\/uploads\/2025\/07\/Img-empresa-afetu-768x1129.jpg 768w, https:\/\/afetuosa.com.br\/afetuosa\/wp-content\/uploads\/2025\/07\/Img-empresa-afetu-51x75.jpg 51w, https:\/\/afetuosa.com.br\/afetuosa\/wp-content\/uploads\/2025\/07\/Img-empresa-afetu-480x706.jpg 480w\" sizes=\"(max-width:767px) 480px, (max-width:780px) 100vw, 780px\" \/>\t\t\t\t\t\t\t\t\t\t\t\t\t\t\t<\/div>\n\t\t\t\t\t<\/div>\n\t\t<\/div>\n\t\t\t\t<div class=\"elementor-column elementor-col-50 elementor-inner-column elementor-element elementor-element-0c388a1\" data-id=\"0c388a1\" data-element_type=\"column\">\n\t\t\t<div class=\"elementor-widget-wrap elementor-element-populated\">\n\t\t\t\t\t\t<div class=\"elementor-element elementor-element-05297eb elementor-widget elementor-widget-text-editor\" data-id=\"05297eb\" data-element_type=\"widget\" data-widget_type=\"text-editor.default\">\n\t\t\t\t\t\t\t\t\t<h6 class=\"mining2-heading\">AFETUOSA<\/h6>\n<h2>A Cacha\u00e7a perfeita<\/h2>\t\t\t\t\t\t\t\t<\/div>\n\t\t\t\t<div class=\"elementor-element elementor-element-6c01c40 elementor-widget elementor-widget-text-editor\" data-id=\"6c01c40\" data-element_type=\"widget\" data-widget_type=\"text-editor.default\">\n\t\t\t\t\t\t\t\t\t<h4>Ano de 1697, crista da Serra da Borborema, campo verde, belo e frio escolhido pelo capit\u00e3o-mor Teod\u00f3sio de Oliveira Ledo para descanso da tropa.<\/h4>\n<p>Floresceu, a\u00ed, a Vila Nova da Rainha, n\u00facleo que, em 1864, ganhou foros de cidade com o nome de Campina&#8230; e Grande. Diga-se que a adjetiva\u00e7\u00e3o adv\u00e9m de sua voca\u00e7\u00e3o para o superlativo.<\/p>\n<p>Pelos trilhos da Great Western Campina Grande chegou \u00e0 posi\u00e7\u00e3o de um dos tr\u00eas maiores centros mundiais exportadores de algod\u00e3o. E reinventou-se com a fal\u00eancia desse ciclo: tornou-se polo coureiro-cal\u00e7adista e implantou um Parque Tecnol\u00f3gico de refer\u00eancia internacional a produzir, desenvolver e exportar software. Fiel a seus princ\u00edpios, n\u00e3o faz um S\u00e3o Jo\u00e3o qualquer. Faz, isto sim, o maior do mundo.<\/p>\n<p>Afetuosa, a cacha\u00e7a produzida com cana de excepcional qualidade plantada no solo generoso do Compartimento da Borborema, guarda fidelidade absoluta ao que nos legam esta terra e sua gente.<\/p>\n<p>O plantio, colheita e moagem desta cana e a filtragem, fermenta\u00e7\u00e3o, destila\u00e7\u00e3o e envelhecimento desta bela cacha\u00e7a t\u00eam cuidados primorosos. Afinal, a perfei\u00e7\u00e3o \u00e9 um v\u00edcio de origem que teimamos em cultivar.<\/p>\n<p>Afetuosa, um irresist\u00edvel brinde \u00e0 vida\u00a0e\u00a0ao\u00a0sucesso.<\/p>\t\t\t\t\t\t\t\t<\/div>\n\t\t\t\t<div class=\"elementor-element elementor-element-a3e4334 elementor-widget elementor-widget-button\" data-id=\"a3e4334\" data-element_type=\"widget\" data-widget_type=\"button.default\">\n\t\t\t\t\t\t\t\t\t\t<a class=\"elementor-button elementor-button-link elementor-size-sm\" href=\"https:\/\/wa.me\/5583999048000\">\n\t\t\t\t\t\t<span class=\"elementor-button-content-wrapper\">\n\t\t\t\t\t\t<span class=\"elementor-button-icon\">\n\t\t\t\t<svg aria-hidden=\"true\" class=\"e-font-icon-svg e-fab-whatsapp\" viewBox=\"0 0 448 512\" xmlns=\"http:\/\/www.w3.org\/2000\/svg\"><path d=\"M380.9 97.1C339 55.1 283.2 32 223.9 32c-122.4 0-222 99.6-222 222 0 39.1 10.2 77.3 29.6 111L0 480l117.7-30.9c32.4 17.7 68.9 27 106.1 27h.1c122.3 0 224.1-99.6 224.1-222 0-59.3-25.2-115-67.1-157zm-157 341.6c-33.2 0-65.7-8.9-94-25.7l-6.7-4-69.8 18.3L72 359.2l-4.4-7c-18.5-29.4-28.2-63.3-28.2-98.2 0-101.7 82.8-184.5 184.6-184.5 49.3 0 95.6 19.2 130.4 54.1 34.8 34.9 56.2 81.2 56.1 130.5 0 101.8-84.9 184.6-186.6 184.6zm101.2-138.2c-5.5-2.8-32.8-16.2-37.9-18-5.1-1.9-8.8-2.8-12.5 2.8-3.7 5.6-14.3 18-17.6 21.8-3.2 3.7-6.5 4.2-12 1.4-32.6-16.3-54-29.1-75.5-66-5.7-9.8 5.7-9.1 16.3-30.3 1.8-3.7.9-6.9-.5-9.7-1.4-2.8-12.5-30.1-17.1-41.2-4.5-10.8-9.1-9.3-12.5-9.5-3.2-.2-6.9-.2-10.6-.2-3.7 0-9.7 1.4-14.8 6.9-5.1 5.6-19.4 19-19.4 46.3 0 27.3 19.9 53.7 22.6 57.4 2.8 3.7 39.1 59.7 94.8 83.8 35.2 15.2 49 16.5 66.6 13.9 10.7-1.6 32.8-13.4 37.4-26.4 4.6-13 4.6-24.1 3.2-26.4-1.3-2.5-5-3.9-10.5-6.6z\"><\/path><\/svg>\t\t\t<\/span>\n\t\t\t\t\t\t\t\t\t<span class=\"elementor-button-text\">FALE CONOSCO<\/span>\n\t\t\t\t\t<\/span>\n\t\t\t\t\t<\/a>\n\t\t\t\t\t\t\t\t<\/div>\n\t\t\t\t\t<\/div>\n\t\t<\/div>\n\t\t\t\t\t<\/div>\n\t\t<\/section>\n\t\t\t\t\t<\/div>\n\t\t<\/div>\n\t\t\t\t\t<\/div>\n\t\t<\/section>\n\t\t\t\t<\/div>\n\t\t","protected":false},"excerpt":{"rendered":"<p>A Destilaria AFETUOSA A Cacha\u00e7a perfeita Ano de 1697, crista da Serra da Borborema, campo verde, belo e frio escolhido pelo capit\u00e3o-mor Teod\u00f3sio de Oliveira Ledo<span class=\"excerpt-hellip\"> [\u2026]<\/span><\/p>\n","protected":false},"author":1,"featured_media":0,"parent":0,"menu_order":0,"comment_status":"open","ping_status":"closed","template":"","meta":{"footnotes":""},"class_list":["post-60","page","type-page","status-publish","hentry"],"_links":{"self":[{"href":"https:\/\/afetuosa.com.br\/afetuosa\/wp-json\/wp\/v2\/pages\/60","targetHints":{"allow":["GET"]}}],"collection":[{"href":"https:\/\/afetuosa.com.br\/afetuosa\/wp-json\/wp\/v2\/pages"}],"about":[{"href":"https:\/\/afetuosa.com.br\/afetuosa\/wp-json\/wp\/v2\/types\/page"}],"author":[{"embeddable":true,"href":"https:\/\/afetuosa.com.br\/afetuosa\/wp-json\/wp\/v2\/users\/1"}],"replies":[{"embeddable":true,"href":"https:\/\/afetuosa.com.br\/afetuosa\/wp-json\/wp\/v2\/comments?post=60"}],"version-history":[{"count":16,"href":"https:\/\/afetuosa.com.br\/afetuosa\/wp-json\/wp\/v2\/pages\/60\/revisions"}],"predecessor-version":[{"id":573,"href":"https:\/\/afetuosa.com.br\/afetuosa\/wp-json\/wp\/v2\/pages\/60\/revisions\/573"}],"wp:attachment":[{"href":"https:\/\/afetuosa.com.br\/afetuosa\/wp-json\/wp\/v2\/media?parent=60"}],"curies":[{"name":"wp","href":"https:\/\/api.w.org\/{rel}","templated":true}]}}